{"id":709,"date":"2026-02-02T01:13:55","date_gmt":"2026-02-01T22:13:55","guid":{"rendered":"https:\/\/lovesthealth.com\/hakkimizda\/"},"modified":"2026-02-04T21:02:41","modified_gmt":"2026-02-04T18:02:41","slug":"hakkimizda","status":"publish","type":"page","link":"https:\/\/lovesthealth.com\/en\/hakkimizda","title":{"rendered":"About Us"},"content":{"rendered":"\n<h1 class=\"wp-block-heading\">Friendly, Experienced, Innovative&#8230;<\/h1>\n\n\n\n<p>Lovest, founded by Aesthetic Surgery Specialist Op. Dr. Y\u00fccel Sar\u0131alt\u0131n with a new energy to raise the quality standards in aesthetic surgery. Y\u00fccel Sar\u0131alt\u0131n, who is among the most operating aesthetic surgeons in Turkey, leads the industry as one of the pioneers of the aesthetic surgery sector with his experience and innovative approach by following the developments in the world.<\/p>\n\n\n\n<p><strong>Lovest is Friendly&#8230;<\/strong><\/p>\n\n\n\n<p>The most important feature of Lovest is to serve all its patients with a friendly smile, without getting tired or weary. So far, it has provided top-level service to thousands of patients from hundreds of different cities, always with a friendly smile. This leads to patient satisfaction.<\/p>\n\n\n\n<p>[BREAKLINE]<\/p>\n\n\n\n<p><strong>Lovest is Experienced&#8230;<\/strong><\/p>\n\n\n\n<p>All our expert doctors and staff at Lovest have many years of experience in the healthcare sector, especially in the field of aesthetic surgery. This allows them to master every aspect of the patients&#8217; feelings and expectations when choosing Lovest. This experience enables us to provide better service to our patients, complete problem-free operations, and achieve satisfaction. Lovest also hosts some of the most operating aesthetic surgeons in Turkey.<\/p>\n\n\n\n<p><strong>Lovest is Innovative&#8230;<\/strong><\/p>\n\n\n\n<p>Lovest closely follows developing technology and current scientific developments. It maximizes the use of all resources for the health and comfort of its patients and pioneers groundbreaking work in Turkey. Lovest is the address for new techniques, new applications, and new technologies&#8230;<\/p>\n\n\n\n<h2 class=\"wp-block-heading\">Certificates<\/h2>\n\n\n\n<figure class=\"wp-block-gallery has-nested-images columns-4 is-cropped wp-block-gallery-1 is-layout-flex wp-block-gallery-is-layout-flex\">\n<figure class=\"wp-block-image size-large\"><img loading=\"lazy\" decoding=\"async\" width=\"718\" height=\"1024\" data-id=\"646\" src=\"https:\/\/lovesthealth.com\/wp-content\/uploads\/2026\/02\/lovest-clinic-iso-45001-1-718x1024.jpg\" alt=\"\" class=\"wp-image-646\" srcset=\"https:\/\/lovesthealth.com\/wp-content\/uploads\/2026\/02\/lovest-clinic-iso-45001-1-718x1024.jpg 718w, https:\/\/lovesthealth.com\/wp-content\/uploads\/2026\/02\/lovest-clinic-iso-45001-1-210x300.jpg 210w, https:\/\/lovesthealth.com\/wp-content\/uploads\/2026\/02\/lovest-clinic-iso-45001-1-768x1096.jpg 768w, https:\/\/lovesthealth.com\/wp-content\/uploads\/2026\/02\/lovest-clinic-iso-45001-1-1077x1536.jpg 1077w, https:\/\/lovesthealth.com\/wp-content\/uploads\/2026\/02\/lovest-clinic-iso-45001-1.jpg 1322w\" sizes=\"auto, (max-width: 718px) 100vw, 718px\" \/><\/figure>\n\n\n\n<figure class=\"wp-block-image size-large\"><img loading=\"lazy\" decoding=\"async\" width=\"718\" height=\"1024\" data-id=\"645\" src=\"https:\/\/lovesthealth.com\/wp-content\/uploads\/2026\/02\/lovest-clinic-iso-14001-1-718x1024.jpg\" alt=\"\" class=\"wp-image-645\" srcset=\"https:\/\/lovesthealth.com\/wp-content\/uploads\/2026\/02\/lovest-clinic-iso-14001-1-718x1024.jpg 718w, https:\/\/lovesthealth.com\/wp-content\/uploads\/2026\/02\/lovest-clinic-iso-14001-1-210x300.jpg 210w, https:\/\/lovesthealth.com\/wp-content\/uploads\/2026\/02\/lovest-clinic-iso-14001-1-768x1096.jpg 768w, https:\/\/lovesthealth.com\/wp-content\/uploads\/2026\/02\/lovest-clinic-iso-14001-1-1077x1536.jpg 1077w, https:\/\/lovesthealth.com\/wp-content\/uploads\/2026\/02\/lovest-clinic-iso-14001-1.jpg 1322w\" sizes=\"auto, (max-width: 718px) 100vw, 718px\" \/><\/figure>\n\n\n\n<figure class=\"wp-block-image size-large\"><img loading=\"lazy\" decoding=\"async\" width=\"718\" height=\"1024\" data-id=\"644\" src=\"https:\/\/lovesthealth.com\/wp-content\/uploads\/2026\/02\/lovest-clinic-iso-10002-1-718x1024.jpg\" alt=\"\" class=\"wp-image-644\" srcset=\"https:\/\/lovesthealth.com\/wp-content\/uploads\/2026\/02\/lovest-clinic-iso-10002-1-718x1024.jpg 718w, https:\/\/lovesthealth.com\/wp-content\/uploads\/2026\/02\/lovest-clinic-iso-10002-1-210x300.jpg 210w, https:\/\/lovesthealth.com\/wp-content\/uploads\/2026\/02\/lovest-clinic-iso-10002-1-768x1096.jpg 768w, https:\/\/lovesthealth.com\/wp-content\/uploads\/2026\/02\/lovest-clinic-iso-10002-1-1077x1536.jpg 1077w, https:\/\/lovesthealth.com\/wp-content\/uploads\/2026\/02\/lovest-clinic-iso-10002-1.jpg 1322w\" sizes=\"auto, (max-width: 718px) 100vw, 718px\" \/><\/figure>\n\n\n\n<figure class=\"wp-block-image size-large\"><img loading=\"lazy\" decoding=\"async\" width=\"718\" height=\"1024\" data-id=\"641\" src=\"https:\/\/lovesthealth.com\/wp-content\/uploads\/2026\/02\/lovest-clinic-iso-9001-718x1024.jpg\" alt=\"\" class=\"wp-image-641\" srcset=\"https:\/\/lovesthealth.com\/wp-content\/uploads\/2026\/02\/lovest-clinic-iso-9001-718x1024.jpg 718w, https:\/\/lovesthealth.com\/wp-content\/uploads\/2026\/02\/lovest-clinic-iso-9001-210x300.jpg 210w, https:\/\/lovesthealth.com\/wp-content\/uploads\/2026\/02\/lovest-clinic-iso-9001-768x1096.jpg 768w, https:\/\/lovesthealth.com\/wp-content\/uploads\/2026\/02\/lovest-clinic-iso-9001-1077x1536.jpg 1077w, https:\/\/lovesthealth.com\/wp-content\/uploads\/2026\/02\/lovest-clinic-iso-9001.jpg 1322w\" sizes=\"auto, (max-width: 718px) 100vw, 718px\" \/><\/figure>\n<\/figure>\n\n\n\n<h2 class=\"wp-block-heading\">Clinical Squares<\/h2>\n\n\n\n<figure class=\"wp-block-gallery has-nested-images columns-6 is-cropped wp-block-gallery-2 is-layout-flex wp-block-gallery-is-layout-flex\">\n<figure class=\"wp-block-image size-full\"><img loading=\"lazy\" decoding=\"async\" width=\"1002\" height=\"1500\" data-id=\"657\" src=\"https:\/\/lovesthealth.com\/wp-content\/uploads\/2026\/02\/lovest-1.webp\" alt=\"\" class=\"wp-image-657\" style=\"aspect-ratio:1\" srcset=\"https:\/\/lovesthealth.com\/wp-content\/uploads\/2026\/02\/lovest-1.webp 1002w, https:\/\/lovesthealth.com\/wp-content\/uploads\/2026\/02\/lovest-1-200x300.webp 200w, https:\/\/lovesthealth.com\/wp-content\/uploads\/2026\/02\/lovest-1-684x1024.webp 684w, https:\/\/lovesthealth.com\/wp-content\/uploads\/2026\/02\/lovest-1-768x1150.webp 768w\" sizes=\"auto, (max-width: 1002px) 100vw, 1002px\" \/><\/figure>\n\n\n\n<figure class=\"wp-block-image size-large\"><img loading=\"lazy\" decoding=\"async\" width=\"684\" height=\"1024\" data-id=\"656\" src=\"https:\/\/lovesthealth.com\/wp-content\/uploads\/2026\/02\/lovest-3-684x1024.webp\" alt=\"\" class=\"wp-image-656\" style=\"aspect-ratio:1\" srcset=\"https:\/\/lovesthealth.com\/wp-content\/uploads\/2026\/02\/lovest-3-684x1024.webp 684w, https:\/\/lovesthealth.com\/wp-content\/uploads\/2026\/02\/lovest-3-200x300.webp 200w, https:\/\/lovesthealth.com\/wp-content\/uploads\/2026\/02\/lovest-3-768x1150.webp 768w, https:\/\/lovesthealth.com\/wp-content\/uploads\/2026\/02\/lovest-3.webp 1002w\" sizes=\"auto, (max-width: 684px) 100vw, 684px\" \/><\/figure>\n\n\n\n<figure class=\"wp-block-image size-large\"><img loading=\"lazy\" decoding=\"async\" width=\"684\" height=\"1024\" data-id=\"659\" src=\"https:\/\/lovesthealth.com\/wp-content\/uploads\/2026\/02\/lovest-4-684x1024.webp\" alt=\"\" class=\"wp-image-659\" style=\"aspect-ratio:1\" srcset=\"https:\/\/lovesthealth.com\/wp-content\/uploads\/2026\/02\/lovest-4-684x1024.webp 684w, https:\/\/lovesthealth.com\/wp-content\/uploads\/2026\/02\/lovest-4-200x300.webp 200w, https:\/\/lovesthealth.com\/wp-content\/uploads\/2026\/02\/lovest-4-768x1150.webp 768w, https:\/\/lovesthealth.com\/wp-content\/uploads\/2026\/02\/lovest-4.webp 1002w\" sizes=\"auto, (max-width: 684px) 100vw, 684px\" \/><\/figure>\n\n\n\n<figure class=\"wp-block-image size-large\"><img loading=\"lazy\" decoding=\"async\" width=\"1024\" height=\"684\" data-id=\"658\" src=\"https:\/\/lovesthealth.com\/wp-content\/uploads\/2026\/02\/lovest-5-1024x684.webp\" alt=\"\" class=\"wp-image-658\" style=\"aspect-ratio:1\" srcset=\"https:\/\/lovesthealth.com\/wp-content\/uploads\/2026\/02\/lovest-5-1024x684.webp 1024w, https:\/\/lovesthealth.com\/wp-content\/uploads\/2026\/02\/lovest-5-300x200.webp 300w, https:\/\/lovesthealth.com\/wp-content\/uploads\/2026\/02\/lovest-5-768x513.webp 768w, https:\/\/lovesthealth.com\/wp-content\/uploads\/2026\/02\/lovest-5-600x400.webp 600w, https:\/\/lovesthealth.com\/wp-content\/uploads\/2026\/02\/lovest-5.webp 1500w\" sizes=\"auto, (max-width: 1024px) 100vw, 1024px\" \/><\/figure>\n\n\n\n<figure class=\"wp-block-image size-full\"><img loading=\"lazy\" decoding=\"async\" width=\"1500\" height=\"1002\" data-id=\"660\" src=\"https:\/\/lovesthealth.com\/wp-content\/uploads\/2026\/02\/lovest-6.webp\" alt=\"\" class=\"wp-image-660\" style=\"aspect-ratio:1\" srcset=\"https:\/\/lovesthealth.com\/wp-content\/uploads\/2026\/02\/lovest-6.webp 1500w, https:\/\/lovesthealth.com\/wp-content\/uploads\/2026\/02\/lovest-6-300x200.webp 300w, https:\/\/lovesthealth.com\/wp-content\/uploads\/2026\/02\/lovest-6-1024x684.webp 1024w, https:\/\/lovesthealth.com\/wp-content\/uploads\/2026\/02\/lovest-6-768x513.webp 768w, https:\/\/lovesthealth.com\/wp-content\/uploads\/2026\/02\/lovest-6-600x400.webp 600w\" sizes=\"auto, (max-width: 1500px) 100vw, 1500px\" \/><\/figure>\n\n\n\n<figure class=\"wp-block-image size-full\"><img loading=\"lazy\" decoding=\"async\" width=\"1500\" height=\"1002\" data-id=\"661\" src=\"https:\/\/lovesthealth.com\/wp-content\/uploads\/2026\/02\/lovest-7.webp\" alt=\"\" class=\"wp-image-661\" style=\"aspect-ratio:1\" srcset=\"https:\/\/lovesthealth.com\/wp-content\/uploads\/2026\/02\/lovest-7.webp 1500w, https:\/\/lovesthealth.com\/wp-content\/uploads\/2026\/02\/lovest-7-300x200.webp 300w, https:\/\/lovesthealth.com\/wp-content\/uploads\/2026\/02\/lovest-7-1024x684.webp 1024w, https:\/\/lovesthealth.com\/wp-content\/uploads\/2026\/02\/lovest-7-768x513.webp 768w, https:\/\/lovesthealth.com\/wp-content\/uploads\/2026\/02\/lovest-7-600x400.webp 600w\" sizes=\"auto, (max-width: 1500px) 100vw, 1500px\" \/><\/figure>\n\n\n\n<figure class=\"wp-block-image size-full\"><img loading=\"lazy\" decoding=\"async\" width=\"1500\" height=\"1002\" data-id=\"662\" src=\"https:\/\/lovesthealth.com\/wp-content\/uploads\/2026\/02\/lovest-8.webp\" alt=\"\" class=\"wp-image-662\" style=\"aspect-ratio:1\" srcset=\"https:\/\/lovesthealth.com\/wp-content\/uploads\/2026\/02\/lovest-8.webp 1500w, https:\/\/lovesthealth.com\/wp-content\/uploads\/2026\/02\/lovest-8-300x200.webp 300w, https:\/\/lovesthealth.com\/wp-content\/uploads\/2026\/02\/lovest-8-1024x684.webp 1024w, https:\/\/lovesthealth.com\/wp-content\/uploads\/2026\/02\/lovest-8-768x513.webp 768w, https:\/\/lovesthealth.com\/wp-content\/uploads\/2026\/02\/lovest-8-600x400.webp 600w\" sizes=\"auto, (max-width: 1500px) 100vw, 1500px\" \/><\/figure>\n\n\n\n<figure class=\"wp-block-image size-full\"><img loading=\"lazy\" decoding=\"async\" width=\"1002\" height=\"1500\" data-id=\"663\" src=\"https:\/\/lovesthealth.com\/wp-content\/uploads\/2026\/02\/lovest-9.webp\" alt=\"\" class=\"wp-image-663\" style=\"aspect-ratio:1\" srcset=\"https:\/\/lovesthealth.com\/wp-content\/uploads\/2026\/02\/lovest-9.webp 1002w, https:\/\/lovesthealth.com\/wp-content\/uploads\/2026\/02\/lovest-9-200x300.webp 200w, https:\/\/lovesthealth.com\/wp-content\/uploads\/2026\/02\/lovest-9-684x1024.webp 684w, https:\/\/lovesthealth.com\/wp-content\/uploads\/2026\/02\/lovest-9-768x1150.webp 768w\" sizes=\"auto, (max-width: 1002px) 100vw, 1002px\" \/><\/figure>\n\n\n\n<figure class=\"wp-block-image size-full\"><img loading=\"lazy\" decoding=\"async\" width=\"1500\" height=\"1002\" data-id=\"664\" src=\"https:\/\/lovesthealth.com\/wp-content\/uploads\/2026\/02\/lovest-10.webp\" alt=\"\" class=\"wp-image-664\" style=\"aspect-ratio:1\" srcset=\"https:\/\/lovesthealth.com\/wp-content\/uploads\/2026\/02\/lovest-10.webp 1500w, https:\/\/lovesthealth.com\/wp-content\/uploads\/2026\/02\/lovest-10-300x200.webp 300w, https:\/\/lovesthealth.com\/wp-content\/uploads\/2026\/02\/lovest-10-1024x684.webp 1024w, https:\/\/lovesthealth.com\/wp-content\/uploads\/2026\/02\/lovest-10-768x513.webp 768w, https:\/\/lovesthealth.com\/wp-content\/uploads\/2026\/02\/lovest-10-600x400.webp 600w\" sizes=\"auto, (max-width: 1500px) 100vw, 1500px\" \/><\/figure>\n\n\n\n<figure class=\"wp-block-image size-full\"><img loading=\"lazy\" decoding=\"async\" width=\"1500\" height=\"1002\" data-id=\"665\" src=\"https:\/\/lovesthealth.com\/wp-content\/uploads\/2026\/02\/lovest-11.webp\" alt=\"\" class=\"wp-image-665\" style=\"aspect-ratio:1\" srcset=\"https:\/\/lovesthealth.com\/wp-content\/uploads\/2026\/02\/lovest-11.webp 1500w, https:\/\/lovesthealth.com\/wp-content\/uploads\/2026\/02\/lovest-11-300x200.webp 300w, https:\/\/lovesthealth.com\/wp-content\/uploads\/2026\/02\/lovest-11-1024x684.webp 1024w, https:\/\/lovesthealth.com\/wp-content\/uploads\/2026\/02\/lovest-11-768x513.webp 768w, https:\/\/lovesthealth.com\/wp-content\/uploads\/2026\/02\/lovest-11-600x400.webp 600w\" sizes=\"auto, (max-width: 1500px) 100vw, 1500px\" \/><\/figure>\n\n\n\n<figure class=\"wp-block-image size-full\"><img loading=\"lazy\" decoding=\"async\" width=\"1500\" height=\"1002\" data-id=\"666\" src=\"https:\/\/lovesthealth.com\/wp-content\/uploads\/2026\/02\/lovest-12.webp\" alt=\"\" class=\"wp-image-666\" style=\"aspect-ratio:1\" srcset=\"https:\/\/lovesthealth.com\/wp-content\/uploads\/2026\/02\/lovest-12.webp 1500w, https:\/\/lovesthealth.com\/wp-content\/uploads\/2026\/02\/lovest-12-300x200.webp 300w, https:\/\/lovesthealth.com\/wp-content\/uploads\/2026\/02\/lovest-12-1024x684.webp 1024w, https:\/\/lovesthealth.com\/wp-content\/uploads\/2026\/02\/lovest-12-768x513.webp 768w, https:\/\/lovesthealth.com\/wp-content\/uploads\/2026\/02\/lovest-12-600x400.webp 600w\" sizes=\"auto, (max-width: 1500px) 100vw, 1500px\" \/><\/figure>\n\n\n\n<figure class=\"wp-block-image size-full\"><img loading=\"lazy\" decoding=\"async\" width=\"1500\" height=\"1002\" data-id=\"667\" src=\"https:\/\/lovesthealth.com\/wp-content\/uploads\/2026\/02\/lovest-13.webp\" alt=\"\" class=\"wp-image-667\" style=\"aspect-ratio:1\" srcset=\"https:\/\/lovesthealth.com\/wp-content\/uploads\/2026\/02\/lovest-13.webp 1500w, https:\/\/lovesthealth.com\/wp-content\/uploads\/2026\/02\/lovest-13-300x200.webp 300w, https:\/\/lovesthealth.com\/wp-content\/uploads\/2026\/02\/lovest-13-1024x684.webp 1024w, https:\/\/lovesthealth.com\/wp-content\/uploads\/2026\/02\/lovest-13-768x513.webp 768w, https:\/\/lovesthealth.com\/wp-content\/uploads\/2026\/02\/lovest-13-600x400.webp 600w\" sizes=\"auto, (max-width: 1500px) 100vw, 1500px\" \/><\/figure>\n\n\n\n<figure class=\"wp-block-image size-full\"><img loading=\"lazy\" decoding=\"async\" width=\"1500\" height=\"1002\" data-id=\"668\" src=\"https:\/\/lovesthealth.com\/wp-content\/uploads\/2026\/02\/lovest-14.webp\" alt=\"\" class=\"wp-image-668\" style=\"aspect-ratio:1\" srcset=\"https:\/\/lovesthealth.com\/wp-content\/uploads\/2026\/02\/lovest-14.webp 1500w, https:\/\/lovesthealth.com\/wp-content\/uploads\/2026\/02\/lovest-14-300x200.webp 300w, https:\/\/lovesthealth.com\/wp-content\/uploads\/2026\/02\/lovest-14-1024x684.webp 1024w, https:\/\/lovesthealth.com\/wp-content\/uploads\/2026\/02\/lovest-14-768x513.webp 768w, https:\/\/lovesthealth.com\/wp-content\/uploads\/2026\/02\/lovest-14-600x400.webp 600w\" sizes=\"auto, (max-width: 1500px) 100vw, 1500px\" \/><\/figure>\n\n\n\n<figure class=\"wp-block-image size-full\"><img loading=\"lazy\" decoding=\"async\" width=\"1500\" height=\"1002\" data-id=\"669\" src=\"https:\/\/lovesthealth.com\/wp-content\/uploads\/2026\/02\/lovest-15.webp\" alt=\"\" class=\"wp-image-669\" style=\"aspect-ratio:1\" srcset=\"https:\/\/lovesthealth.com\/wp-content\/uploads\/2026\/02\/lovest-15.webp 1500w, https:\/\/lovesthealth.com\/wp-content\/uploads\/2026\/02\/lovest-15-300x200.webp 300w, https:\/\/lovesthealth.com\/wp-content\/uploads\/2026\/02\/lovest-15-1024x684.webp 1024w, https:\/\/lovesthealth.com\/wp-content\/uploads\/2026\/02\/lovest-15-768x513.webp 768w, https:\/\/lovesthealth.com\/wp-content\/uploads\/2026\/02\/lovest-15-600x400.webp 600w\" sizes=\"auto, (max-width: 1500px) 100vw, 1500px\" \/><\/figure>\n\n\n\n<figure class=\"wp-block-image size-full\"><img loading=\"lazy\" decoding=\"async\" width=\"1002\" height=\"1500\" data-id=\"670\" src=\"https:\/\/lovesthealth.com\/wp-content\/uploads\/2026\/02\/lovest-16.webp\" alt=\"\" class=\"wp-image-670\" style=\"aspect-ratio:1\" srcset=\"https:\/\/lovesthealth.com\/wp-content\/uploads\/2026\/02\/lovest-16.webp 1002w, https:\/\/lovesthealth.com\/wp-content\/uploads\/2026\/02\/lovest-16-200x300.webp 200w, https:\/\/lovesthealth.com\/wp-content\/uploads\/2026\/02\/lovest-16-684x1024.webp 684w, https:\/\/lovesthealth.com\/wp-content\/uploads\/2026\/02\/lovest-16-768x1150.webp 768w\" sizes=\"auto, (max-width: 1002px) 100vw, 1002px\" \/><\/figure>\n\n\n\n<figure class=\"wp-block-image size-full\"><img loading=\"lazy\" decoding=\"async\" width=\"1002\" height=\"1500\" data-id=\"671\" src=\"https:\/\/lovesthealth.com\/wp-content\/uploads\/2026\/02\/lovest-18.webp\" alt=\"\" class=\"wp-image-671\" style=\"aspect-ratio:1\" srcset=\"https:\/\/lovesthealth.com\/wp-content\/uploads\/2026\/02\/lovest-18.webp 1002w, https:\/\/lovesthealth.com\/wp-content\/uploads\/2026\/02\/lovest-18-200x300.webp 200w, https:\/\/lovesthealth.com\/wp-content\/uploads\/2026\/02\/lovest-18-684x1024.webp 684w, https:\/\/lovesthealth.com\/wp-content\/uploads\/2026\/02\/lovest-18-768x1150.webp 768w\" sizes=\"auto, (max-width: 1002px) 100vw, 1002px\" \/><\/figure>\n\n\n\n<figure class=\"wp-block-image size-full\"><img loading=\"lazy\" decoding=\"async\" width=\"1500\" height=\"1002\" data-id=\"672\" src=\"https:\/\/lovesthealth.com\/wp-content\/uploads\/2026\/02\/lovest-19.webp\" alt=\"\" class=\"wp-image-672\" style=\"aspect-ratio:1\" srcset=\"https:\/\/lovesthealth.com\/wp-content\/uploads\/2026\/02\/lovest-19.webp 1500w, https:\/\/lovesthealth.com\/wp-content\/uploads\/2026\/02\/lovest-19-300x200.webp 300w, https:\/\/lovesthealth.com\/wp-content\/uploads\/2026\/02\/lovest-19-1024x684.webp 1024w, https:\/\/lovesthealth.com\/wp-content\/uploads\/2026\/02\/lovest-19-768x513.webp 768w, https:\/\/lovesthealth.com\/wp-content\/uploads\/2026\/02\/lovest-19-600x400.webp 600w\" sizes=\"auto, (max-width: 1500px) 100vw, 1500px\" \/><\/figure>\n<\/figure>\n","protected":false},"excerpt":{"rendered":"<p>Friendly, Experienced, Innovative&#8230; Lovest, founded by Aesthetic Surgery Specialist Op. Dr. Y\u00fccel Sar\u0131alt\u0131n with a new energy to raise the quality standards in aesthetic surgery. Y\u00fccel Sar\u0131alt\u0131n, who is among&#8230;<\/p>\n","protected":false},"author":1,"featured_media":710,"parent":0,"menu_order":0,"comment_status":"closed","ping_status":"closed","template":"page-about.php","meta":{"_acf_changed":false,"footnotes":""},"class_list":["post-709","page","type-page","status-publish","has-post-thumbnail","hentry"],"acf":[],"aioseo_notices":[],"_links":{"self":[{"href":"https:\/\/lovesthealth.com\/en\/wp-json\/wp\/v2\/pages\/709","targetHints":{"allow":["GET"]}}],"collection":[{"href":"https:\/\/lovesthealth.com\/en\/wp-json\/wp\/v2\/pages"}],"about":[{"href":"https:\/\/lovesthealth.com\/en\/wp-json\/wp\/v2\/types\/page"}],"author":[{"embeddable":true,"href":"https:\/\/lovesthealth.com\/en\/wp-json\/wp\/v2\/users\/1"}],"replies":[{"embeddable":true,"href":"https:\/\/lovesthealth.com\/en\/wp-json\/wp\/v2\/comments?post=709"}],"version-history":[{"count":2,"href":"https:\/\/lovesthealth.com\/en\/wp-json\/wp\/v2\/pages\/709\/revisions"}],"predecessor-version":[{"id":734,"href":"https:\/\/lovesthealth.com\/en\/wp-json\/wp\/v2\/pages\/709\/revisions\/734"}],"wp:featuredmedia":[{"embeddable":true,"href":"https:\/\/lovesthealth.com\/en\/wp-json\/wp\/v2\/media\/710"}],"wp:attachment":[{"href":"https:\/\/lovesthealth.com\/en\/wp-json\/wp\/v2\/media?parent=709"}],"curies":[{"name":"wp","href":"https:\/\/api.w.org\/{rel}","templated":true}]}}